{"id":129,"date":"2021-12-30T20:51:26","date_gmt":"2021-12-30T19:51:26","guid":{"rendered":"https:\/\/eggertshus.dk\/?page_id=129"},"modified":"2023-12-29T10:54:55","modified_gmt":"2023-12-29T09:54:55","slug":"skole-og-stu","status":"publish","type":"page","link":"http:\/\/16.170.43.65\/index.php\/skole-og-stu\/","title":{"rendered":"Skole og STU"},"content":{"rendered":"\n<h2 class=\"wp-block-heading\">Skoleydelser<\/h2>\n\n\n\n<p>Eggertshusskolen er godkendt til at modtage, sent udviklede og udviklingsh\u00e6mmede i lettere grad, der herudover har adf\u00e6rdsm\u00e6ssige problemer og kan have v\u00e6ret udsat for et omsorgssvigt i deres opv\u00e6kst s\u00e5ledes, at de i dag fremst\u00e5r som socialt utilpassede.<\/p>\n\n\n\n<p>Eggertshus er endvidere godkendt til at modtage unge efter servicelovens \u00a7 107 og kan i forbindelse hermed ogs\u00e5 tilbyde den tre\u00e5rige S\u00e6rligt Tilrettelagte Ungdomsuddannelse, STU.<\/p>\n\n\n\n<ul class=\"wp-block-list\">\n<li>STU<\/li>\n\n\n\n<li>Grundskole<\/li>\n\n\n\n<li>Intern undervisning som del af et samlet behandlingstilbud med tilh\u00f8rende bodel<\/li>\n\n\n\n<li>Ekstern skole undervisning, hvor eleven kun er indskrevet i skolen<\/li>\n<\/ul>\n\n\n\n<figure class=\"wp-block-image size-large\"><img loading=\"lazy\" decoding=\"async\" width=\"1024\" height=\"683\" src=\"http:\/\/16.170.43.65\/wp-content\/uploads\/2021\/12\/teacher-gf06ca9a3a_1920-1024x683.jpg\" alt=\"\" class=\"wp-image-282\" srcset=\"http:\/\/16.170.43.65\/wp-content\/uploads\/2021\/12\/teacher-gf06ca9a3a_1920-1024x683.jpg 1024w, http:\/\/16.170.43.65\/wp-content\/uploads\/2021\/12\/teacher-gf06ca9a3a_1920-300x200.jpg 300w, http:\/\/16.170.43.65\/wp-content\/uploads\/2021\/12\/teacher-gf06ca9a3a_1920-768x512.jpg 768w, http:\/\/16.170.43.65\/wp-content\/uploads\/2021\/12\/teacher-gf06ca9a3a_1920-1536x1024.jpg 1536w, http:\/\/16.170.43.65\/wp-content\/uploads\/2021\/12\/teacher-gf06ca9a3a_1920.jpg 1920w\" sizes=\"auto, (max-width: 1024px) 100vw, 1024px\" \/><\/figure>\n\n\n\n<h1 class=\"wp-block-heading\">Skole<\/h1>\n\n\n\n<p>Eggertshus har siden 1997, efter aftale med Skoleforvaltningen Svendborg kommune, haft et internt undervisningstilbud til de anbragte b\u00f8rn.<br>Nogle af de anbragte b\u00f8rn p\u00e5 Eggertshus, kan beskrives som sentudviklede b\u00f8rn der tillige har betydelige sociale og adf\u00e6rdsm\u00e6ssige problemer, og derfor har brug for et specieltilrettelagt undervisningstilbud. Eggertshus har igennem mange \u00e5r haft stor succes med, at undervise b\u00f8rn med sv\u00e6re sociale og adf\u00e6rdsm\u00e6ssige problemer.<\/p>\n\n\n\n<p>Grundl\u00e6ggende er undervisningen p\u00e5 Eggertshus, tilrettelagt med udgangspunkt i emneorienteret projektundervisning, med afs\u00e6t i den enkelte elevs personlige og kognitive f\u00e6rdigheder.&nbsp;Systemet udm\u00e6rker sig ved, at den enkelte elev i undervisningen ikke provokeres f\u00f8lelsesm\u00e6ssigt, med deraf f\u00f8lgende indl\u00e6ringsblokering. Systemet stiller ligeledes krav til eleven, om medvirken omkring sin egen undervisnings- og livssituation.&nbsp;<\/p>\n\n\n\n<figure class=\"wp-block-image size-full\"><img loading=\"lazy\" decoding=\"async\" width=\"832\" height=\"468\" src=\"http:\/\/16.170.43.65\/wp-content\/uploads\/2021\/12\/baal2skaleret-1-edited.jpg\" alt=\"\" class=\"wp-image-267\" srcset=\"http:\/\/16.170.43.65\/wp-content\/uploads\/2021\/12\/baal2skaleret-1-edited.jpg 832w, http:\/\/16.170.43.65\/wp-content\/uploads\/2021\/12\/baal2skaleret-1-edited-300x169.jpg 300w, http:\/\/16.170.43.65\/wp-content\/uploads\/2021\/12\/baal2skaleret-1-edited-768x432.jpg 768w\" sizes=\"auto, (max-width: 832px) 100vw, 832px\" \/><\/figure>\n\n\n\n<h2 class=\"wp-block-heading\">Specialer<\/h2>\n\n\n\n<ul class=\"wp-block-list\">\n<li>Musikundervisning<\/li>\n\n\n\n<li>IT-undervisning b\u00e5de i integreret form i skolen men ogs\u00e5 som selvst\u00e6ndigt fag med henblik p\u00e5 udvikling af digitale kompetencer s\u00e5vel som digital dannelse<\/li>\n\n\n\n<li>Undervisning i l\u00e6ringslaboratorier for at underst\u00f8tte kreativitet og fantasi mhp. udvikling af innovative kompetencer<\/li>\n\n\n\n<li>Heraf en fokus p\u00e5 s\u00e5vel transformativ som adaptiv l\u00e6ring<\/li>\n\n\n\n<li>En fokus p\u00e5 evnen til at reflektere og unders\u00f8ge<\/li>\n\n\n\n<li>Idr\u00e6ts undervisning hvor der b\u00e5de fokuseres p\u00e5 motorisk udvikling, kredsl\u00f8bs tr\u00e6ning og f\u00e6rdighedslege<\/li>\n<\/ul>\n","protected":false},"excerpt":{"rendered":"<p>Skoleydelser Eggertshusskolen er godkendt til at modtage, sent udviklede og udviklingsh\u00e6mmede i lettere grad, der herudover har adf\u00e6rdsm\u00e6ssige problemer og kan have v\u00e6ret udsat for et omsorgssvigt i deres opv\u00e6kst s\u00e5ledes, at de i dag fremst\u00e5r som socialt utilpassede. Eggertshus er endvidere godkendt til at modtage unge efter servicelovens \u00a7 107 og kan i forbindelse [&hellip;]<\/p>\n","protected":false},"author":1,"featured_media":0,"parent":0,"menu_order":0,"comment_status":"closed","ping_status":"closed","template":"","meta":{"footnotes":""},"class_list":["post-129","page","type-page","status-publish","hentry"],"_links":{"self":[{"href":"http:\/\/16.170.43.65\/index.php\/wp-json\/wp\/v2\/pages\/129","targetHints":{"allow":["GET"]}}],"collection":[{"href":"http:\/\/16.170.43.65\/index.php\/wp-json\/wp\/v2\/pages"}],"about":[{"href":"http:\/\/16.170.43.65\/index.php\/wp-json\/wp\/v2\/types\/page"}],"author":[{"embeddable":true,"href":"http:\/\/16.170.43.65\/index.php\/wp-json\/wp\/v2\/users\/1"}],"replies":[{"embeddable":true,"href":"http:\/\/16.170.43.65\/index.php\/wp-json\/wp\/v2\/comments?post=129"}],"version-history":[{"count":10,"href":"http:\/\/16.170.43.65\/index.php\/wp-json\/wp\/v2\/pages\/129\/revisions"}],"predecessor-version":[{"id":302,"href":"http:\/\/16.170.43.65\/index.php\/wp-json\/wp\/v2\/pages\/129\/revisions\/302"}],"wp:attachment":[{"href":"http:\/\/16.170.43.65\/index.php\/wp-json\/wp\/v2\/media?parent=129"}],"curies":[{"name":"wp","href":"https:\/\/api.w.org\/{rel}","templated":true}]}}