{"id":288,"date":"2021-12-30T23:45:12","date_gmt":"2021-12-30T22:45:12","guid":{"rendered":"https:\/\/eggertshus.dk\/?page_id=288"},"modified":"2023-12-29T10:52:31","modified_gmt":"2023-12-29T09:52:31","slug":"fysiske-rammer","status":"publish","type":"page","link":"http:\/\/16.170.43.65\/index.php\/fysiske-rammer\/","title":{"rendered":"Fysiske rammer"},"content":{"rendered":"\n<h2 class=\"wp-block-heading\">Skole<\/h2>\n\n\n\n<p>Eggertshusskolen ligger ca. 15 minutters k\u00f8rsel fra Eggertshus.&nbsp;<\/p>\n\n\n\n<p>Her r\u00e5der vi over ca. 800 kvm velindrettede skolefaciliteter beliggende p\u00e5 en meget stor grund med s\u00e5vel sportsbaner som veludstyret legeplads.<\/p>\n\n\n\n<p>Skolen har store udenoms arealer, der giver rig mulighed for fysisk udfoldelse, i s\u00e5vel undervisningen som i frikvartererne.&nbsp;<\/p>\n\n\n\n<p>Udenoms arealerne rummer fodboldbane, gynger, rutsjebane, legeplads, sandkasse, bordtennis, basketball, b\u00e5lsted, sm\u00e5 tr\u00e6huse og meget andet.<\/p>\n\n\n\n<p>Desuden har skolen et musikhus med et bredt udvalg af instrumenter, formningslokaler, sl\u00f8jdlokaler, bibliotek og en tilh\u00f8rende SFO-bygning.<\/p>\n\n\n\n<p>Herudover har skolen ogs\u00e5 en tilh\u00f8rende idr\u00e6tshal, hvor b\u00f8rnene har deres idr\u00e6t n\u00e5r vejret ikke er til at v\u00e6re udend\u00f8rs.<\/p>\n\n\n\n<figure class=\"wp-block-image size-full\"><img loading=\"lazy\" decoding=\"async\" width=\"832\" height=\"468\" src=\"http:\/\/16.170.43.65\/wp-content\/uploads\/2021\/12\/baal2skaleret-1-edited.jpg\" alt=\"\" class=\"wp-image-267\" srcset=\"http:\/\/16.170.43.65\/wp-content\/uploads\/2021\/12\/baal2skaleret-1-edited.jpg 832w, http:\/\/16.170.43.65\/wp-content\/uploads\/2021\/12\/baal2skaleret-1-edited-300x169.jpg 300w, http:\/\/16.170.43.65\/wp-content\/uploads\/2021\/12\/baal2skaleret-1-edited-768x432.jpg 768w\" sizes=\"auto, (max-width: 832px) 100vw, 832px\" \/><\/figure>\n\n\n\n<h2 class=\"wp-block-heading\">D\u00f8gn<\/h2>\n\n\n\n<p>Eggertshus er en selvejende institution med plads til seks b\u00f8rn\/unge i alderen 6 til 18\/23 \u00e5r. Vi har til huse i et nedlagt pottemageri lidt uden for Svendborg bymidte.<\/p>\n\n\n\n<p>I forbindelse med \u00e5bningen af Eggertshus, blev bygningen totalrenoveret og indrettet til behandlingsinstitution.<\/p>\n\n\n\n<p>De unges v\u00e6relser er alle i en fornuftig st\u00f8rrelse mellem 15- og 21 kvm. Eggertshus er centralt placeret med adgang til stort set alle fritidsfaciliteter i umiddelbar n\u00e6rhed af institutionen og med direkte adgang til offentlige transportmidler.<\/p>\n\n\n\n<div class=\"wp-block-cover is-light\"><span aria-hidden=\"true\" class=\"wp-block-cover__background has-background-dim-10 has-background-dim wp-block-cover__gradient-background has-background-gradient\" style=\"background:linear-gradient(135deg,rgb(252,185,0) 0%,rgb(255,105,0) 11%)\"><\/span><img loading=\"lazy\" decoding=\"async\" width=\"1024\" height=\"768\" class=\"wp-block-cover__image-background wp-image-289\" alt=\"\" src=\"http:\/\/16.170.43.65\/wp-content\/uploads\/2021\/12\/egfront-1-1024x768.jpg\" data-object-fit=\"cover\" srcset=\"http:\/\/16.170.43.65\/wp-content\/uploads\/2021\/12\/egfront-1-1024x768.jpg 1024w, http:\/\/16.170.43.65\/wp-content\/uploads\/2021\/12\/egfront-1-300x225.jpg 300w, http:\/\/16.170.43.65\/wp-content\/uploads\/2021\/12\/egfront-1-768x576.jpg 768w, http:\/\/16.170.43.65\/wp-content\/uploads\/2021\/12\/egfront-1-1536x1152.jpg 1536w, http:\/\/16.170.43.65\/wp-content\/uploads\/2021\/12\/egfront-1-2048x1536.jpg 2048w\" sizes=\"auto, (max-width: 1024px) 100vw, 1024px\" \/><div class=\"wp-block-cover__inner-container is-layout-flow wp-block-cover-is-layout-flow\">\n<p class=\"has-large-font-size\"><\/p>\n<\/div><\/div>\n","protected":false},"excerpt":{"rendered":"<p>Skole Eggertshusskolen ligger ca. 15 minutters k\u00f8rsel fra Eggertshus.&nbsp; Her r\u00e5der vi over ca. 800 kvm velindrettede skolefaciliteter beliggende p\u00e5 en meget stor grund med s\u00e5vel sportsbaner som veludstyret legeplads. Skolen har store udenoms arealer, der giver rig mulighed for fysisk udfoldelse, i s\u00e5vel undervisningen som i frikvartererne.&nbsp; Udenoms arealerne rummer fodboldbane, gynger, rutsjebane, legeplads, [&hellip;]<\/p>\n","protected":false},"author":1,"featured_media":0,"parent":0,"menu_order":0,"comment_status":"closed","ping_status":"closed","template":"","meta":{"footnotes":""},"class_list":["post-288","page","type-page","status-publish","hentry"],"_links":{"self":[{"href":"http:\/\/16.170.43.65\/index.php\/wp-json\/wp\/v2\/pages\/288","targetHints":{"allow":["GET"]}}],"collection":[{"href":"http:\/\/16.170.43.65\/index.php\/wp-json\/wp\/v2\/pages"}],"about":[{"href":"http:\/\/16.170.43.65\/index.php\/wp-json\/wp\/v2\/types\/page"}],"author":[{"embeddable":true,"href":"http:\/\/16.170.43.65\/index.php\/wp-json\/wp\/v2\/users\/1"}],"replies":[{"embeddable":true,"href":"http:\/\/16.170.43.65\/index.php\/wp-json\/wp\/v2\/comments?post=288"}],"version-history":[{"count":4,"href":"http:\/\/16.170.43.65\/index.php\/wp-json\/wp\/v2\/pages\/288\/revisions"}],"predecessor-version":[{"id":300,"href":"http:\/\/16.170.43.65\/index.php\/wp-json\/wp\/v2\/pages\/288\/revisions\/300"}],"wp:attachment":[{"href":"http:\/\/16.170.43.65\/index.php\/wp-json\/wp\/v2\/media?parent=288"}],"curies":[{"name":"wp","href":"https:\/\/api.w.org\/{rel}","templated":true}]}}